{"id":192,"date":"2017-03-07T15:28:13","date_gmt":"2017-03-07T20:28:13","guid":{"rendered":"https:\/\/texonic.net\/?page_id=192\/"},"modified":"2017-10-11T10:52:32","modified_gmt":"2017-10-11T14:52:32","slug":"network-and-resources","status":"publish","type":"page","link":"https:\/\/texonic.net\/en\/about-texonic\/network-and-resources\/","title":{"rendered":"Network and resources"},"content":{"rendered":"<h2><strong>Located in the hub of manufacturing and R&amp;D<\/strong><\/h2>\n<p><strong>\u00a0<\/strong><\/p>\n<h3><strong>R&amp;D Proximity<\/strong><\/h3>\n<p>Texonic is located within <strong>the hub of advanced engineered composites and textiles R&amp;D<\/strong>, further enabling us to provide our customers with a continually evolving product technology.<\/p>\n<p><strong>We have collaboration with\u00a0:<\/strong><\/p>\n<ul>\n<li>\u00c9cole Polytechnique de Montr\u00e9al<\/li>\n<li>\u00c9cole de technologie sup\u00e9rieure (<strong>\u00c9TS<\/strong>)<\/li>\n<li>Concordia University<\/li>\n<li>McGill University<\/li>\n<li>Groupe CTT (Visual note-location: Ste-Hyacinthe)<\/li>\n<li>National Research Council of Canada (Visual note-locations:Boucherville, Saguenay, Mississauga )<\/li>\n<li>Centre de d\u00e9veloppement des composites du Qu\u00e9bec &#8211; CDCQ (Visual note-location: St-J\u00e9rome)<\/li>\n<\/ul>\n<p>&nbsp;<\/p>\n<h3><strong>Industry sectors proximity<\/strong><\/h3>\n<p>Our <strong>proximity to a heavy concentration of industry sectors<\/strong> requiring advanced composite materials drives us to offer the highest level of excellence in research, development and production.<\/p>\n<ul>\n<li>Automotive<\/li>\n<li>Marine<\/li>\n<li>Transportation<\/li>\n<li>Aeronautics and Aerospace<\/li>\n<li>Engineering and Infrastructures<\/li>\n<li>Ballistic and Protection for security, military and private sectors<\/li>\n<li>Sporting goods industries<\/li>\n<\/ul>\n<p>Texonic\u2019s working <strong>partnership with Monterey Textiles and Lincoln Fabrics<\/strong> makes us <strong>Berry-amendment compliant<\/strong>, and increases our production, finishings and testing capacities and technologies.<\/p>\n<p>&nbsp;<\/p>\n<ul>\n<li>Texonic St-Jean, (Quebec, Canada)<\/li>\n<li>Monterey Textiles Drummondville, (Quebec, Canada)<\/li>\n<li>Lincoln Fabrics Grimsby\u00a0(Ontario, Canada), Geneva (Alabama, USA)<\/li>\n<\/ul>\n<p>&nbsp;<\/p>\n<p><strong>Global Network of Distributors<\/strong><\/p>\n<p>North America (USA et Canada)<\/p>\n<ul>\n<li>Composites One LLC<\/li>\n<\/ul>\n<p>USA<\/p>\n<ul>\n<li>North American Composites<\/li>\n<li>Blue Water<\/li>\n<\/ul>\n<p>Canada<\/p>\n<ul>\n<li>Polynt Composites Canada<\/li>\n<li>BMB Solutions Composites<\/li>\n<li>Les Produits Chimiques Citadel<\/li>\n<\/ul>\n<p>Europe<\/p>\n<ul>\n<li>R\u00e9soltech SAS<\/li>\n<li>Gazechim<\/li>\n<\/ul>\n<p>Asia<\/p>\n<ul>\n<li>RP Products Sdn. Bhd.<\/li>\n<li>Gain Industrial<\/li>\n<\/ul>\n<p>Asia\/North Africa<\/p>\n<ul>\n<li>Cermat Ltd<\/li>\n<\/ul>\n","protected":false},"excerpt":{"rendered":"<p>Located in the hub of manufacturing and R&amp;D \u00a0 R&amp;D Proximity Texonic is located within the hub of advanced engineered composites and textiles R&amp;D, further enabling us to provide our customers with a continually evolving product technology. We have collaboration with\u00a0: \u00c9cole Polytechnique de Montr\u00e9al \u00c9cole de technologie sup\u00e9rieure (\u00c9TS) Concordia University McGill University Groupe [&hellip;]<\/p>\n","protected":false},"author":2,"featured_media":305,"parent":156,"menu_order":6,"comment_status":"closed","ping_status":"closed","template":"","meta":{"footnotes":""},"class_list":["post-192","page","type-page","status-publish","has-post-thumbnail","hentry"],"yoast_head":"<!-- This site is optimized with the Yoast SEO plugin v26.5 - https:\/\/yoast.com\/wordpress\/plugins\/seo\/ -->\n<title>Our network and resources | Texonic<\/title>\n<meta name=\"robots\" content=\"index, follow, max-snippet:-1, max-image-preview:large, max-video-preview:-1\" \/>\n<link rel=\"canonical\" href=\"https:\/\/texonic.net\/qui-sommes-nous\/reseau-et-ressources\/\" \/>\n<meta property=\"og:locale\" content=\"en_US\" \/>\n<meta property=\"og:type\" content=\"article\" \/>\n<meta property=\"og:title\" content=\"Our network and resources | Texonic\" \/>\n<meta property=\"og:description\" content=\"Located in the hub of manufacturing and R&amp;D \u00a0 R&amp;D Proximity Texonic is located within the hub of advanced engineered composites and textiles R&amp;D, further enabling us to provide our customers with a continually evolving product technology. We have collaboration with\u00a0: \u00c9cole Polytechnique de Montr\u00e9al \u00c9cole de technologie sup\u00e9rieure (\u00c9TS) Concordia University McGill University Groupe [&hellip;]\" \/>\n<meta property=\"og:url\" content=\"https:\/\/texonic.net\/qui-sommes-nous\/reseau-et-ressources\/\" \/>\n<meta property=\"og:site_name\" content=\"Texonic\" \/>\n<meta property=\"article:modified_time\" content=\"2017-10-11T14:52:32+00:00\" \/>\n<meta property=\"og:image\" content=\"https:\/\/texonic.net\/wp-content\/uploads\/2017\/03\/1-4-Network-and-Resources.jpg\" \/>\n\t<meta property=\"og:image:width\" content=\"2048\" \/>\n\t<meta property=\"og:image:height\" content=\"1536\" \/>\n\t<meta property=\"og:image:type\" content=\"image\/jpeg\" \/>\n<meta name=\"twitter:label1\" content=\"Est. reading time\" \/>\n\t<meta name=\"twitter:data1\" content=\"1 minute\" \/>\n<script type=\"application\/ld+json\" class=\"yoast-schema-graph\">{\"@context\":\"https:\/\/schema.org\",\"@graph\":[{\"@type\":\"WebPage\",\"@id\":\"https:\/\/texonic.net\/qui-sommes-nous\/reseau-et-ressources\/\",\"url\":\"https:\/\/texonic.net\/qui-sommes-nous\/reseau-et-ressources\/\",\"name\":\"Our network and resources | Texonic\",\"isPartOf\":{\"@id\":\"https:\/\/texonic.net\/#website\"},\"primaryImageOfPage\":{\"@id\":\"https:\/\/texonic.net\/qui-sommes-nous\/reseau-et-ressources\/#primaryimage\"},\"image\":{\"@id\":\"https:\/\/texonic.net\/qui-sommes-nous\/reseau-et-ressources\/#primaryimage\"},\"thumbnailUrl\":\"https:\/\/texonic.net\/wp-content\/uploads\/2017\/03\/1-4-Network-and-Resources.jpg\",\"datePublished\":\"2017-03-07T20:28:13+00:00\",\"dateModified\":\"2017-10-11T14:52:32+00:00\",\"breadcrumb\":{\"@id\":\"https:\/\/texonic.net\/qui-sommes-nous\/reseau-et-ressources\/#breadcrumb\"},\"inLanguage\":\"en-US\",\"potentialAction\":[{\"@type\":\"ReadAction\",\"target\":[\"https:\/\/texonic.net\/qui-sommes-nous\/reseau-et-ressources\/\"]}]},{\"@type\":\"ImageObject\",\"inLanguage\":\"en-US\",\"@id\":\"https:\/\/texonic.net\/qui-sommes-nous\/reseau-et-ressources\/#primaryimage\",\"url\":\"https:\/\/texonic.net\/wp-content\/uploads\/2017\/03\/1-4-Network-and-Resources.jpg\",\"contentUrl\":\"https:\/\/texonic.net\/wp-content\/uploads\/2017\/03\/1-4-Network-and-Resources.jpg\",\"width\":2048,\"height\":1536},{\"@type\":\"BreadcrumbList\",\"@id\":\"https:\/\/texonic.net\/qui-sommes-nous\/reseau-et-ressources\/#breadcrumb\",\"itemListElement\":[{\"@type\":\"ListItem\",\"position\":1,\"name\":\"Accueil\",\"item\":\"https:\/\/texonic.net\/en\/\"},{\"@type\":\"ListItem\",\"position\":2,\"name\":\"About Texonic\",\"item\":\"https:\/\/texonic.net\/qui-sommes-nous\/\"},{\"@type\":\"ListItem\",\"position\":3,\"name\":\"Network and resources\"}]},{\"@type\":\"WebSite\",\"@id\":\"https:\/\/texonic.net\/#website\",\"url\":\"https:\/\/texonic.net\/\",\"name\":\"Texonic\",\"description\":\"The edge that comes from the weave of innovation\",\"potentialAction\":[{\"@type\":\"SearchAction\",\"target\":{\"@type\":\"EntryPoint\",\"urlTemplate\":\"https:\/\/texonic.net\/?s={search_term_string}\"},\"query-input\":{\"@type\":\"PropertyValueSpecification\",\"valueRequired\":true,\"valueName\":\"search_term_string\"}}],\"inLanguage\":\"en-US\"}]}<\/script>\n<!-- \/ Yoast SEO plugin. -->","yoast_head_json":{"title":"Our network and resources | Texonic","robots":{"index":"index","follow":"follow","max-snippet":"max-snippet:-1","max-image-preview":"max-image-preview:large","max-video-preview":"max-video-preview:-1"},"canonical":"https:\/\/texonic.net\/qui-sommes-nous\/reseau-et-ressources\/","og_locale":"en_US","og_type":"article","og_title":"Our network and resources | Texonic","og_description":"Located in the hub of manufacturing and R&amp;D \u00a0 R&amp;D Proximity Texonic is located within the hub of advanced engineered composites and textiles R&amp;D, further enabling us to provide our customers with a continually evolving product technology. We have collaboration with\u00a0: \u00c9cole Polytechnique de Montr\u00e9al \u00c9cole de technologie sup\u00e9rieure (\u00c9TS) Concordia University McGill University Groupe [&hellip;]","og_url":"https:\/\/texonic.net\/qui-sommes-nous\/reseau-et-ressources\/","og_site_name":"Texonic","article_modified_time":"2017-10-11T14:52:32+00:00","og_image":[{"width":2048,"height":1536,"url":"https:\/\/texonic.net\/wp-content\/uploads\/2017\/03\/1-4-Network-and-Resources.jpg","type":"image\/jpeg"}],"twitter_misc":{"Est. reading time":"1 minute"},"schema":{"@context":"https:\/\/schema.org","@graph":[{"@type":"WebPage","@id":"https:\/\/texonic.net\/qui-sommes-nous\/reseau-et-ressources\/","url":"https:\/\/texonic.net\/qui-sommes-nous\/reseau-et-ressources\/","name":"Our network and resources | Texonic","isPartOf":{"@id":"https:\/\/texonic.net\/#website"},"primaryImageOfPage":{"@id":"https:\/\/texonic.net\/qui-sommes-nous\/reseau-et-ressources\/#primaryimage"},"image":{"@id":"https:\/\/texonic.net\/qui-sommes-nous\/reseau-et-ressources\/#primaryimage"},"thumbnailUrl":"https:\/\/texonic.net\/wp-content\/uploads\/2017\/03\/1-4-Network-and-Resources.jpg","datePublished":"2017-03-07T20:28:13+00:00","dateModified":"2017-10-11T14:52:32+00:00","breadcrumb":{"@id":"https:\/\/texonic.net\/qui-sommes-nous\/reseau-et-ressources\/#breadcrumb"},"inLanguage":"en-US","potentialAction":[{"@type":"ReadAction","target":["https:\/\/texonic.net\/qui-sommes-nous\/reseau-et-ressources\/"]}]},{"@type":"ImageObject","inLanguage":"en-US","@id":"https:\/\/texonic.net\/qui-sommes-nous\/reseau-et-ressources\/#primaryimage","url":"https:\/\/texonic.net\/wp-content\/uploads\/2017\/03\/1-4-Network-and-Resources.jpg","contentUrl":"https:\/\/texonic.net\/wp-content\/uploads\/2017\/03\/1-4-Network-and-Resources.jpg","width":2048,"height":1536},{"@type":"BreadcrumbList","@id":"https:\/\/texonic.net\/qui-sommes-nous\/reseau-et-ressources\/#breadcrumb","itemListElement":[{"@type":"ListItem","position":1,"name":"Accueil","item":"https:\/\/texonic.net\/en\/"},{"@type":"ListItem","position":2,"name":"About Texonic","item":"https:\/\/texonic.net\/qui-sommes-nous\/"},{"@type":"ListItem","position":3,"name":"Network and resources"}]},{"@type":"WebSite","@id":"https:\/\/texonic.net\/#website","url":"https:\/\/texonic.net\/","name":"Texonic","description":"The edge that comes from the weave of innovation","potentialAction":[{"@type":"SearchAction","target":{"@type":"EntryPoint","urlTemplate":"https:\/\/texonic.net\/?s={search_term_string}"},"query-input":{"@type":"PropertyValueSpecification","valueRequired":true,"valueName":"search_term_string"}}],"inLanguage":"en-US"}]}},"_links":{"self":[{"href":"https:\/\/texonic.net\/en\/wp-json\/wp\/v2\/pages\/192","targetHints":{"allow":["GET"]}}],"collection":[{"href":"https:\/\/texonic.net\/en\/wp-json\/wp\/v2\/pages"}],"about":[{"href":"https:\/\/texonic.net\/en\/wp-json\/wp\/v2\/types\/page"}],"author":[{"embeddable":true,"href":"https:\/\/texonic.net\/en\/wp-json\/wp\/v2\/users\/2"}],"replies":[{"embeddable":true,"href":"https:\/\/texonic.net\/en\/wp-json\/wp\/v2\/comments?post=192"}],"version-history":[{"count":2,"href":"https:\/\/texonic.net\/en\/wp-json\/wp\/v2\/pages\/192\/revisions"}],"predecessor-version":[{"id":422,"href":"https:\/\/texonic.net\/en\/wp-json\/wp\/v2\/pages\/192\/revisions\/422"}],"up":[{"embeddable":true,"href":"https:\/\/texonic.net\/en\/wp-json\/wp\/v2\/pages\/156"}],"wp:featuredmedia":[{"embeddable":true,"href":"https:\/\/texonic.net\/en\/wp-json\/wp\/v2\/media\/305"}],"wp:attachment":[{"href":"https:\/\/texonic.net\/en\/wp-json\/wp\/v2\/media?parent=192"}],"curies":[{"name":"wp","href":"https:\/\/api.w.org\/{rel}","templated":true}]}}